{"id":171,"date":"2023-06-18T20:33:20","date_gmt":"2023-06-18T20:33:20","guid":{"rendered":"https:\/\/forexpips1.com\/?page_id=171"},"modified":"2023-06-25T05:50:16","modified_gmt":"2023-06-25T05:50:16","slug":"home-2","status":"publish","type":"page","link":"https:\/\/forexpips1.com\/?page_id=171&lang=fr","title":{"rendered":"home"},"content":{"rendered":"\t\t<div data-elementor-type=\"wp-page\" data-elementor-id=\"171\" class=\"elementor elementor-171\">\n\t\t\t\t\t\t\t\t\t<section class=\"elementor-section elementor-top-section elementor-element elementor-element-3d96f46 elementor-section-boxed elementor-section-height-default elementor-section-height-default\" data-id=\"3d96f46\" data-element_type=\"section\">\n\t\t\t\t\t\t<div class=\"elementor-container elementor-column-gap-default\">\n\t\t\t\t\t<div class=\"elementor-column elementor-col-100 elementor-top-column elementor-element elementor-element-2ff7181\" data-id=\"2ff7181\" data-element_type=\"column\" data-settings=\"{&quot;background_background&quot;:&quot;classic&quot;}\">\n\t\t\t<div class=\"elementor-widget-wrap elementor-element-populated\">\n\t\t\t\t\t\t\t\t<div class=\"elementor-element elementor-element-e220158 elementor-widget__width-initial elementor-widget elementor-widget-image\" data-id=\"e220158\" data-element_type=\"widget\" data-widget_type=\"image.default\">\n\t\t\t\t<div class=\"elementor-widget-container\">\n\t\t\t<style>\/*! elementor - v3.13.2 - 11-05-2023 *\/\n.elementor-widget-image{text-align:center}.elementor-widget-image a{display:inline-block}.elementor-widget-image a img[src$=\".svg\"]{width:48px}.elementor-widget-image img{vertical-align:middle;display:inline-block}<\/style>\t\t\t\t\t\t\t\t\t\t\t\t\t<a href=\"https:\/\/forexpips1.com\/?page_id=172&#038;lang=en\">\n\t\t\t\t\t\t\t<img decoding=\"async\" src=\"https:\/\/forexpips1.com\/wp-content\/uploads\/2023\/06\/icons8-english-16.png\" title=\"icons8-english-16\" alt=\"English\" loading=\"lazy\" \/>\t\t\t\t\t\t\t\t<\/a>\n\t\t\t\t\t\t\t\t\t\t\t\t\t\t\t<\/div>\n\t\t\t\t<\/div>\n\t\t\t\t<div class=\"elementor-element elementor-element-c0dc401 elementor-widget__width-initial elementor-widget elementor-widget-image\" data-id=\"c0dc401\" data-element_type=\"widget\" data-widget_type=\"image.default\">\n\t\t\t\t<div class=\"elementor-widget-container\">\n\t\t\t\t\t\t\t\t\t\t\t\t\t\t\t\t<a href=\"https:\/\/forexpips1.com\/\">\n\t\t\t\t\t\t\t<img decoding=\"async\" src=\"https:\/\/forexpips1.com\/wp-content\/uploads\/2023\/06\/icons8-saudi-arabia-48.png\" title=\"\" alt=\"Arabic\" loading=\"lazy\" \/>\t\t\t\t\t\t\t\t<\/a>\n\t\t\t\t\t\t\t\t\t\t\t\t\t\t\t<\/div>\n\t\t\t\t<\/div>\n\t\t\t\t<div class=\"elementor-element elementor-element-d4885be elementor-widget__width-initial elementor-widget elementor-widget-image\" data-id=\"d4885be\" data-element_type=\"widget\" data-widget_type=\"image.default\">\n\t\t\t\t<div class=\"elementor-widget-container\">\n\t\t\t\t\t\t\t\t\t\t\t\t\t\t\t\t<a href=\"https:\/\/forexpips1.com\/?page_id=171&#038;lang=fr\">\n\t\t\t\t\t\t\t<img loading=\"lazy\" decoding=\"async\" width=\"48\" height=\"48\" src=\"https:\/\/forexpips1.com\/wp-content\/uploads\/2023\/06\/icons8-france-48.png\" class=\"attachment-large size-large wp-image-259\" alt=\"France\" style=\"width:100%;height:100%;max-width:48px\" \/>\t\t\t\t\t\t\t\t<\/a>\n\t\t\t\t\t\t\t\t\t\t\t\t\t\t\t<\/div>\n\t\t\t\t<\/div>\n\t\t\t\t\t<\/div>\n\t\t<\/div>\n\t\t\t\t\t\t\t<\/div>\n\t\t<\/section>\n\t\t\t\t<section class=\"elementor-section elementor-top-section elementor-element elementor-element-fbf2247 elementor-section-full_width elementor-section-height-full elementor-section-content-middle elementor-section-stretched elementor-section-height-default elementor-section-items-middle\" data-id=\"fbf2247\" data-element_type=\"section\" data-settings=\"{&quot;stretch_section&quot;:&quot;section-stretched&quot;,&quot;background_background&quot;:&quot;classic&quot;}\">\n\t\t\t\t\t\t<div class=\"elementor-container elementor-column-gap-default\">\n\t\t\t\t\t<div class=\"elementor-column elementor-col-100 elementor-top-column elementor-element elementor-element-d299869\" data-id=\"d299869\" data-element_type=\"column\">\n\t\t\t<div class=\"elementor-widget-wrap elementor-element-populated\">\n\t\t\t\t\t\t\t\t<section class=\"elementor-section elementor-inner-section elementor-element elementor-element-8f6dc47 elementor-section-content-bottom elementor-section-boxed elementor-section-height-default elementor-section-height-default\" data-id=\"8f6dc47\" data-element_type=\"section\">\n\t\t\t\t\t\t<div class=\"elementor-container elementor-column-gap-default\">\n\t\t\t\t\t<div class=\"elementor-column elementor-col-100 elementor-inner-column elementor-element elementor-element-ce64eb8\" data-id=\"ce64eb8\" data-element_type=\"column\">\n\t\t\t<div class=\"elementor-widget-wrap elementor-element-populated\">\n\t\t\t\t\t\t\t\t<div class=\"elementor-element elementor-element-3febfca elementor-widget elementor-widget-heading\" data-id=\"3febfca\" data-element_type=\"widget\" data-widget_type=\"heading.default\">\n\t\t\t\t<div class=\"elementor-widget-container\">\n\t\t\t<style>\/*! elementor - v3.13.2 - 11-05-2023 *\/\n.elementor-heading-title{padding:0;margin:0;line-height:1}.elementor-widget-heading .elementor-heading-title[class*=elementor-size-]>a{color:inherit;font-size:inherit;line-height:inherit}.elementor-widget-heading .elementor-heading-title.elementor-size-small{font-size:15px}.elementor-widget-heading .elementor-heading-title.elementor-size-medium{font-size:19px}.elementor-widget-heading .elementor-heading-title.elementor-size-large{font-size:29px}.elementor-widget-heading .elementor-heading-title.elementor-size-xl{font-size:39px}.elementor-widget-heading .elementor-heading-title.elementor-size-xxl{font-size:59px}<\/style><h4 class=\"elementor-heading-title elementor-size-default\">Vous voulez gagner de l'argent suppl\u00e9mentaire avec un petit capital (100$ +).<br>\n# Nous avons la solution... <br>\nTout ce que vous avez \u00e0 faire est de copier nos Trades , Dont vos profits pourront \u00eatre retir\u00e9 \u00e0 tout moment... <br>\n  Nos frais de service seront de 15% de vous profits ..retir\u00e9 automatiquement \u00e0 la fin du mois..<br>\nSi vous \u00eates d'accord&nbsp;:<br>\n- Inscrivez-vous d'abord sur le lien <br>\n- Paiement (100$ +) <br>\n -Contactez-nous via Instagram pour activer les copies\n<style>h4{line-height:45px !important;}\n.elementor-column-gap-default>.elementor-column>.elementor-element-populated {\n     padding: 0px;}\n<\/style><\/h4>\t\t<\/div>\n\t\t\t\t<\/div>\n\t\t\t\t<div class=\"elementor-element elementor-element-27caae2 elementor-widget elementor-widget-heading\" data-id=\"27caae2\" data-element_type=\"widget\" data-widget_type=\"heading.default\">\n\t\t\t\t<div class=\"elementor-widget-container\">\n\t\t\t<h4 class=\"elementor-heading-title elementor-size-default\">Insrivez \/<span style=\"color:rgba(229,15,66,255);\"> Autocopie <\/span>\/ <span style=\"color:rgba(181,246,16,255);\">Encaissez<\/span> $$$<\/h4>\t\t<\/div>\n\t\t\t\t<\/div>\n\t\t\t\t\t<\/div>\n\t\t<\/div>\n\t\t\t\t\t\t\t<\/div>\n\t\t<\/section>\n\t\t\t\t<div class=\"elementor-element elementor-element-de7dbe8 elementor-align-center elementor-widget elementor-widget-button\" data-id=\"de7dbe8\" data-element_type=\"widget\" data-widget_type=\"button.default\">\n\t\t\t\t<div class=\"elementor-widget-container\">\n\t\t\t\t\t<div class=\"elementor-button-wrapper\">\n\t\t\t<a href=\"https:\/\/cpartner.bdswiss.com\/visit\/?bta=51819&#038;nci=5958&#038;campaign=19949\" class=\"elementor-button-link elementor-button elementor-size-xl\" role=\"button\">\n\t\t\t\t\t\t<span class=\"elementor-button-content-wrapper\">\n\t\t\t\t\t\t<span class=\"elementor-button-text\">Cliquez ici sur le lien et inscrivez-vous<\/span>\n\t\t<\/span>\n\t\t\t\t\t<\/a>\n\t\t<\/div>\n\t\t\t\t<\/div>\n\t\t\t\t<\/div>\n\t\t\t\t<div class=\"elementor-element elementor-element-2d37cb5 elementor-widget__width-inherit elementor-absolute elementor-widget elementor-widget-image\" data-id=\"2d37cb5\" data-element_type=\"widget\" data-settings=\"{&quot;_position&quot;:&quot;absolute&quot;}\" data-widget_type=\"image.default\">\n\t\t\t\t<div class=\"elementor-widget-container\">\n\t\t\t\t\t\t\t\t\t\t\t\t\t\t\t<img loading=\"lazy\" decoding=\"async\" width=\"388\" height=\"388\" src=\"https:\/\/forexpips1.com\/wp-content\/uploads\/2023\/05\/forex.jpg\" class=\"attachment-full size-full wp-image-24\" alt=\"\" srcset=\"https:\/\/forexpips1.com\/wp-content\/uploads\/2023\/05\/forex.jpg 388w, https:\/\/forexpips1.com\/wp-content\/uploads\/2023\/05\/forex-300x300.jpg 300w, https:\/\/forexpips1.com\/wp-content\/uploads\/2023\/05\/forex-150x150.jpg 150w\" sizes=\"auto, (max-width: 388px) 100vw, 388px\" style=\"width:100%;height:100%;max-width:388px\" \/>\t\t\t\t\t\t\t\t\t\t\t\t\t\t\t<\/div>\n\t\t\t\t<\/div>\n\t\t\t\t<div class=\"elementor-element elementor-element-b666cab elementor-button-success elementor-align-center elementor-widget elementor-widget-button\" data-id=\"b666cab\" data-element_type=\"widget\" data-widget_type=\"button.default\">\n\t\t\t\t<div class=\"elementor-widget-container\">\n\t\t\t\t\t<div class=\"elementor-button-wrapper\">\n\t\t\t<a href=\"https:\/\/www.instagram.com\/forexpips01\/\" class=\"elementor-button-link elementor-button elementor-size-xl\" role=\"button\">\n\t\t\t\t\t\t<span class=\"elementor-button-content-wrapper\">\n\t\t\t\t\t\t<span class=\"elementor-button-text\">instagram<\/span>\n\t\t<\/span>\n\t\t\t\t\t<\/a>\n\t\t<\/div>\n\t\t\t\t<\/div>\n\t\t\t\t<\/div>\n\t\t\t\t<section class=\"elementor-section elementor-inner-section elementor-element elementor-element-c651929 elementor-section-boxed elementor-section-height-default elementor-section-height-default\" data-id=\"c651929\" data-element_type=\"section\">\n\t\t\t\t\t\t<div class=\"elementor-container elementor-column-gap-default\">\n\t\t\t\t\t<div class=\"elementor-column elementor-col-100 elementor-inner-column elementor-element elementor-element-9555df0\" data-id=\"9555df0\" data-element_type=\"column\">\n\t\t\t<div class=\"elementor-widget-wrap elementor-element-populated\">\n\t\t\t\t\t\t\t\t<div class=\"elementor-element elementor-element-be1d868 elementor-widget elementor-widget-heading\" data-id=\"be1d868\" data-element_type=\"widget\" data-widget_type=\"heading.default\">\n\t\t\t\t<div class=\"elementor-widget-container\">\n\t\t\t<p class=\"elementor-heading-title elementor-size-default\">Octroi du droit de transf\u00e9rer des informations \u00e0 l'entreprise concern\u00e9e<\/p>\t\t<\/div>\n\t\t\t\t<\/div>\n\t\t\t\t\t<\/div>\n\t\t<\/div>\n\t\t\t\t\t\t\t<\/div>\n\t\t<\/section>\n\t\t\t\t<section class=\"elementor-section elementor-inner-section elementor-element elementor-element-84d16fb elementor-section-boxed elementor-section-height-default elementor-section-height-default\" data-id=\"84d16fb\" data-element_type=\"section\">\n\t\t\t\t\t\t<div class=\"elementor-container elementor-column-gap-default\">\n\t\t\t\t\t<div class=\"elementor-column elementor-col-50 elementor-inner-column elementor-element elementor-element-c3d2ef1\" data-id=\"c3d2ef1\" data-element_type=\"column\">\n\t\t\t<div class=\"elementor-widget-wrap elementor-element-populated\">\n\t\t\t\t\t\t\t\t<div class=\"elementor-element elementor-element-7d5cc95 elementor-widget elementor-widget-heading\" data-id=\"7d5cc95\" data-element_type=\"widget\" data-widget_type=\"heading.default\">\n\t\t\t\t<div class=\"elementor-widget-container\">\n\t\t\t<p class=\"elementor-heading-title elementor-size-default\">Avertissement de risque\u00a0:\nLe trading d'instruments financiers et\/ou de devises num\u00e9riques comporte des risques \u00e9lev\u00e9s, notamment le risque de perdre tout ou partie du montant de votre investissement, et peut ne pas convenir \u00e0 tous les investisseurs<\/p>\t\t<\/div>\n\t\t\t\t<\/div>\n\t\t\t\t\t<\/div>\n\t\t<\/div>\n\t\t\t\t<div class=\"elementor-column elementor-col-50 elementor-inner-column elementor-element elementor-element-93d02c2\" data-id=\"93d02c2\" data-element_type=\"column\">\n\t\t\t<div class=\"elementor-widget-wrap\">\n\t\t\t\t\t\t\t\t\t<\/div>\n\t\t<\/div>\n\t\t\t\t\t\t\t<\/div>\n\t\t<\/section>\n\t\t\t\t\t<\/div>\n\t\t<\/div>\n\t\t\t\t\t\t\t<\/div>\n\t\t<\/section>\n\t\t\t\t\t\t\t<\/div>\n\t\t","protected":false},"excerpt":{"rendered":"<p>Vous voulez gagner de l&#8217;argent suppl\u00e9mentaire avec un petit capital (100$ +). # Nous avons la solution&#8230; Tout ce que vous avez \u00e0 faire est de copier nos Trades , Dont vos profits pourront \u00eatre retir\u00e9 \u00e0 tout moment&#8230; Nos frais de service seront de 15% de vous profits ..retir\u00e9 automatiquement \u00e0 la fin du&hellip; <a class=\"more-link\" href=\"https:\/\/forexpips1.com\/?page_id=171&#038;lang=fr\">Continue reading <span class=\"screen-reader-text\">home<\/span><\/a><\/p>\n","protected":false},"author":3,"featured_media":0,"parent":0,"menu_order":0,"comment_status":"closed","ping_status":"closed","template":"elementor_canvas","meta":{"footnotes":""},"class_list":["post-171","page","type-page","status-publish","hentry","entry"],"_links":{"self":[{"href":"https:\/\/forexpips1.com\/index.php?rest_route=\/wp\/v2\/pages\/171","targetHints":{"allow":["GET"]}}],"collection":[{"href":"https:\/\/forexpips1.com\/index.php?rest_route=\/wp\/v2\/pages"}],"about":[{"href":"https:\/\/forexpips1.com\/index.php?rest_route=\/wp\/v2\/types\/page"}],"author":[{"embeddable":true,"href":"https:\/\/forexpips1.com\/index.php?rest_route=\/wp\/v2\/users\/3"}],"replies":[{"embeddable":true,"href":"https:\/\/forexpips1.com\/index.php?rest_route=%2Fwp%2Fv2%2Fcomments&post=171"}],"version-history":[{"count":121,"href":"https:\/\/forexpips1.com\/index.php?rest_route=\/wp\/v2\/pages\/171\/revisions"}],"predecessor-version":[{"id":555,"href":"https:\/\/forexpips1.com\/index.php?rest_route=\/wp\/v2\/pages\/171\/revisions\/555"}],"wp:attachment":[{"href":"https:\/\/forexpips1.com\/index.php?rest_route=%2Fwp%2Fv2%2Fmedia&parent=171"}],"curies":[{"name":"wp","href":"https:\/\/api.w.org\/{rel}","templated":true}]}}